{"id":1531,"date":"2025-07-12T13:44:46","date_gmt":"2025-07-12T11:44:46","guid":{"rendered":"https:\/\/beta.luksta28.hosting24.pl\/?post_type=product&#038;p=1531"},"modified":"2025-07-12T14:39:42","modified_gmt":"2025-07-12T12:39:42","slug":"drewniany-garaz-dwustanowiskowy-omoda","status":"publish","type":"product","link":"https:\/\/altanystanior.pl\/?product=drewniany-garaz-dwustanowiskowy-omoda","title":{"rendered":"Drewniany Gara\u017c Dwustanowiskowy Omoda"},"content":{"rendered":"<p>[et_pb_section fb_built=&#8221;1&#8243; _builder_version=&#8221;4.16&#8243; custom_padding=&#8221;0px||||false|false&#8221; global_colors_info=&#8221;{}&#8221; theme_builder_area=&#8221;post_content&#8221;][et_pb_row _builder_version=&#8221;4.16&#8243; background_size=&#8221;initial&#8221; background_position=&#8221;top_left&#8221; background_repeat=&#8221;repeat&#8221; width=&#8221;100%&#8221; custom_padding=&#8221;0px||0px||false|false&#8221; global_colors_info=&#8221;{}&#8221; theme_builder_area=&#8221;post_content&#8221;][et_pb_column type=&#8221;4_4&#8243; _builder_version=&#8221;4.16&#8243; custom_padding=&#8221;|||&#8221; global_colors_info=&#8221;{}&#8221; custom_padding__hover=&#8221;|||&#8221; theme_builder_area=&#8221;post_content&#8221;][et_pb_wc_breadcrumb _builder_version=&#8221;4.16&#8243; global_colors_info=&#8221;{}&#8221; theme_builder_area=&#8221;post_content&#8221;][\/et_pb_wc_breadcrumb][et_pb_wc_cart_notice _builder_version=&#8221;4.16&#8243; global_colors_info=&#8221;{}&#8221; theme_builder_area=&#8221;post_content&#8221;][\/et_pb_wc_cart_notice][\/et_pb_column][\/et_pb_row][et_pb_row column_structure=&#8221;1_2,1_2&#8243; _builder_version=&#8221;4.16&#8243; background_size=&#8221;initial&#8221; background_position=&#8221;top_left&#8221; background_repeat=&#8221;repeat&#8221; width=&#8221;100%&#8221; custom_padding=&#8221;0px||||false|false&#8221; global_colors_info=&#8221;{}&#8221; theme_builder_area=&#8221;post_content&#8221;][et_pb_column type=&#8221;1_2&#8243; _builder_version=&#8221;4.16&#8243; custom_padding=&#8221;|||&#8221; global_colors_info=&#8221;{}&#8221; custom_padding__hover=&#8221;|||&#8221; theme_builder_area=&#8221;post_content&#8221;][et_pb_wc_images _builder_version=&#8221;4.16&#8243; global_colors_info=&#8221;{}&#8221; theme_builder_area=&#8221;post_content&#8221;][\/et_pb_wc_images][\/et_pb_column][et_pb_column type=&#8221;1_2&#8243; _builder_version=&#8221;4.16&#8243; custom_padding=&#8221;|||&#8221; global_colors_info=&#8221;{}&#8221; custom_padding__hover=&#8221;|||&#8221; theme_builder_area=&#8221;post_content&#8221;][et_pb_wc_title _builder_version=&#8221;4.16&#8243; global_colors_info=&#8221;{}&#8221; theme_builder_area=&#8221;post_content&#8221;][\/et_pb_wc_title][et_pb_wc_add_to_cart _builder_version=&#8221;4.16&#8243; global_colors_info=&#8221;{}&#8221; theme_builder_area=&#8221;post_content&#8221;][\/et_pb_wc_add_to_cart][et_pb_wc_meta admin_label=&#8221;Meta produktu Woo&#8221; _builder_version=&#8221;4.16&#8243; global_colors_info=&#8221;{}&#8221; theme_builder_area=&#8221;post_content&#8221;][\/et_pb_wc_meta][\/et_pb_column][\/et_pb_row][et_pb_row _builder_version=&#8221;4.16&#8243; background_size=&#8221;initial&#8221; background_position=&#8221;top_left&#8221; background_repeat=&#8221;repeat&#8221; width=&#8221;100%&#8221; global_colors_info=&#8221;{}&#8221; theme_builder_area=&#8221;post_content&#8221;][et_pb_column type=&#8221;4_4&#8243; _builder_version=&#8221;4.16&#8243; custom_padding=&#8221;|||&#8221; global_colors_info=&#8221;{}&#8221; custom_padding__hover=&#8221;|||&#8221; theme_builder_area=&#8221;post_content&#8221;][et_pb_wc_tabs _builder_version=&#8221;4.27.4&#8243; _module_preset=&#8221;default&#8221; global_colors_info=&#8221;{}&#8221; theme_builder_area=&#8221;post_content&#8221;][\/et_pb_wc_tabs][et_pb_wc_description admin_label=&#8221;Opis produktu Woo&#8221; _builder_version=&#8221;4.16&#8243; global_colors_info=&#8221;{}&#8221; theme_builder_area=&#8221;post_content&#8221;][\/et_pb_wc_description][et_pb_wc_upsells admin_label=&#8221;Promocja produkt\u00f3w Woo&#8221; _builder_version=&#8221;4.16&#8243; global_colors_info=&#8221;{}&#8221; theme_builder_area=&#8221;post_content&#8221;][\/et_pb_wc_upsells][et_pb_wc_related_products _builder_version=&#8221;4.16&#8243; global_colors_info=&#8221;{}&#8221; theme_builder_area=&#8221;post_content&#8221;][\/et_pb_wc_related_products][\/et_pb_column][\/et_pb_row][\/et_pb_section]<\/p>\n","protected":false},"excerpt":{"rendered":"","protected":false},"featured_media":1533,"template":"","meta":{"_et_pb_use_builder":"on","_et_pb_old_content":"<span style=\"font-family: Roboto\">Drewniany gara\u017c dwustanowiskowy to <b>estetyczne i funkcjonalne rozwi\u0105zanie, idealnie komponuj\u0105ce si\u0119 z naturalnym otoczeniem<\/b> posesji. Wykonany z <b>solidnego drewna iglastego<\/b>, zapewnia <b>skuteczn\u0105 ochron\u0119 samochod\u00f3w<\/b> przed deszczem, \u015bniegiem, s\u0142o\u0144cem i mrozem.<\/span>\r\n\r\n<span style=\"font-family: Roboto\">Poza funkcj\u0105 bezpiecznego parkowania pojazd\u00f3w, drewniany gara\u017c oferuje <b>dodatkow\u0105 przestrze\u0144 do przechowywania<\/b> narz\u0119dzi ogrodowych, opon sezonowych czy sprz\u0119tu rekreacyjnego. Jego <b>naturalny wygl\u0105d<\/b> i mo\u017cliwo\u015b\u0107 impregnacji na dowolny kolor sprawiaj\u0105, \u017ce z \u0142atwo\u015bci\u0105 dopasuje si\u0119 do stylu domu i ogrodu, dodaj\u0105c im <b>ciep\u0142a i uroku<\/b>. To <b>praktyczna i trwa\u0142a inwestycja<\/b>, \u0142\u0105cz\u0105ca u\u017cyteczno\u015b\u0107 z estetyk\u0105.<\/span>\r\n\r\n<span style=\"font-family: Roboto\"><span style=\"color: #02282c\"><strong>Dlaczego altany Wooden House to \u015bwietny wyb\u00f3r?<\/strong><\/span><\/span>\r\n\r\n\u2022Kupujesz altan\u0119, kt\u00f3ra zapewni Ci komfort wypoczynku - jeste\u015bmy pasjonatami obr\u00f3bki w drewnie i znamy si\u0119 na tym\r\n\u2022Ka\u017cdy produkt jest wykonany z materia\u0142\u00f3w najwy\u017cszej jako\u015bci (dobre drewno)\r\n\u2022Zapewniamy doradztwo, indywidualn\u0105 pomoc w zakresie rozwi\u0105za\u0144 i kolorystyki\r\n\u2022Produkty dostarczymy w ka\u017cde miejsce w Polsce (w\u0142asny transport)\r\n\u2022Posiadamy w\u0142asn\u0105 ekip\u0119 monta\u017cow\u0105\r\n\r\n<strong>CO KUPUJESZ?<\/strong>\r\n\r\n\u2022 GARA\u017b DREWNIANY OMODA DWUSTANOWISKOWY 700x600 CM\r\nWOODEN HOUSE STANIOR\r\n\r\n\u2022Rozmiar: 700\u00d7600 cm\r\n\u2022Wysoko\u015b\u0107 \u015bcian no\u015bnych: 220 cm\r\n\r\n\u2022Wysoko\u015b\u0107 ca\u0142kowita: \u2248 280 cm\r\n\r\n- Brama panelowa uchylna 2x wym. 220x210\r\n\r\n\u2022Drzwi: Jednoskrzyd\u0142owe 90\u00d7185 cm, zamykane na klamk\u0119 z zamkiem\r\n\r\n\u2022Okno PCV 1 x 80x50 szyba szklana\r\n\r\n\u2022Materia\u0142: Drewno sosnowe i \u015bwierkowe suszone, kraw\u0119dzie zaokr\u0105glone\r\n\r\n\u2022Konstrukcja: 140\u00d760 mm\r\n\r\n\u2022Grubo\u015b\u0107 deski: 20 mm\r\n\r\n\u2022Technologia: Szkieletowa \/ Kanadyjska\r\n\r\n\u2022Poszycie dachowe: Gont bitumiczny renomowanej firmy IKO\u00ae i Technonicol\u00ae\r\n\r\n\u2022Impregnacja: Dwukrotna Drewnochronem\u00ae, od \u015brodka jednokrotnie impregnat grzybob\u00f3jczy techniczny\r\n\r\n\u2022Dodatki: Okiennica, impregnacja w dw\u00f3ch kolorach, stolarka wyko\u0144czeniowa\r\n\r\n<strong>OPCJE DODATKOWE*<\/strong>\r\n\r\n\u2022Kotwienie do pod\u0142o\u017ca\r\n\r\n\u2022Zabudowa otwor\u00f3w wentylacyjnych pomi\u0119dzy \u015bcian\u0105 a dachem\r\n\r\n\u2022Orynnowanie\r\n\r\n\u2022Dodatkowe okno\r\n\r\n\u2022Drzwi dwuskrzyd\u0142owe\r\n\r\n\u2022Monta\u017c\r\n\r\n\u2022Transport\r\n*us\u0142ugi opcjonalne, kt\u00f3re nale\u017cy dokupi\u0107 dodatkowo","_et_gb_content_width":""},"product_brand":[],"product_cat":[27],"product_tag":[],"class_list":{"0":"post-1531","1":"product","2":"type-product","3":"status-publish","4":"has-post-thumbnail","6":"product_cat-drewniane-garaze","8":"first","9":"instock","10":"shipping-taxable","11":"purchasable","12":"product-type-simple"},"yoast_head":"<!-- This site is optimized with the Yoast SEO plugin v27.3 - https:\/\/yoast.com\/product\/yoast-seo-wordpress\/ -->\n<title>Drewniany Gara\u017c Dwustanowiskowy Omoda - Wooden House Stanior<\/title>\n<meta name=\"robots\" content=\"index, follow, max-snippet:-1, max-image-preview:large, max-video-preview:-1\" \/>\n<link rel=\"canonical\" href=\"https:\/\/altanystanior.pl\/?product=drewniany-garaz-dwustanowiskowy-omoda\" \/>\n<meta property=\"og:locale\" content=\"pl_PL\" \/>\n<meta property=\"og:type\" content=\"article\" \/>\n<meta property=\"og:title\" content=\"Drewniany Gara\u017c Dwustanowiskowy Omoda - Wooden House Stanior\" \/>\n<meta property=\"og:url\" content=\"https:\/\/altanystanior.pl\/?product=drewniany-garaz-dwustanowiskowy-omoda\" \/>\n<meta property=\"og:site_name\" content=\"Wooden House Stanior\" \/>\n<meta property=\"article:modified_time\" content=\"2025-07-12T12:39:42+00:00\" \/>\n<meta property=\"og:image\" content=\"https:\/\/altanystanior.pl\/wp-content\/uploads\/2025\/07\/33-GARAZ-DWU-STANOWISKOWY-PANORAMA.png\" \/>\n\t<meta property=\"og:image:width\" content=\"1024\" \/>\n\t<meta property=\"og:image:height\" content=\"1024\" \/>\n\t<meta property=\"og:image:type\" content=\"image\/png\" \/>\n<meta name=\"twitter:card\" content=\"summary_large_image\" \/>\n<meta name=\"twitter:label1\" content=\"Szacowany czas czytania\" \/>\n\t<meta name=\"twitter:data1\" content=\"2 minuty\" \/>\n<script type=\"application\/ld+json\" class=\"yoast-schema-graph\">{\"@context\":\"https:\\\/\\\/schema.org\",\"@graph\":[{\"@type\":\"WebPage\",\"@id\":\"https:\\\/\\\/altanystanior.pl\\\/?product=drewniany-garaz-dwustanowiskowy-omoda\",\"url\":\"https:\\\/\\\/altanystanior.pl\\\/?product=drewniany-garaz-dwustanowiskowy-omoda\",\"name\":\"Drewniany Gara\u017c Dwustanowiskowy Omoda - Wooden House Stanior\",\"isPartOf\":{\"@id\":\"https:\\\/\\\/altanystanior.pl\\\/#website\"},\"primaryImageOfPage\":{\"@id\":\"https:\\\/\\\/altanystanior.pl\\\/?product=drewniany-garaz-dwustanowiskowy-omoda#primaryimage\"},\"image\":{\"@id\":\"https:\\\/\\\/altanystanior.pl\\\/?product=drewniany-garaz-dwustanowiskowy-omoda#primaryimage\"},\"thumbnailUrl\":\"https:\\\/\\\/altanystanior.pl\\\/wp-content\\\/uploads\\\/2025\\\/07\\\/33-GARAZ-DWU-STANOWISKOWY-PANORAMA.png\",\"datePublished\":\"2025-07-12T11:44:46+00:00\",\"dateModified\":\"2025-07-12T12:39:42+00:00\",\"breadcrumb\":{\"@id\":\"https:\\\/\\\/altanystanior.pl\\\/?product=drewniany-garaz-dwustanowiskowy-omoda#breadcrumb\"},\"inLanguage\":\"pl-PL\",\"potentialAction\":[{\"@type\":\"ReadAction\",\"target\":[\"https:\\\/\\\/altanystanior.pl\\\/?product=drewniany-garaz-dwustanowiskowy-omoda\"]}]},{\"@type\":\"ImageObject\",\"inLanguage\":\"pl-PL\",\"@id\":\"https:\\\/\\\/altanystanior.pl\\\/?product=drewniany-garaz-dwustanowiskowy-omoda#primaryimage\",\"url\":\"https:\\\/\\\/altanystanior.pl\\\/wp-content\\\/uploads\\\/2025\\\/07\\\/33-GARAZ-DWU-STANOWISKOWY-PANORAMA.png\",\"contentUrl\":\"https:\\\/\\\/altanystanior.pl\\\/wp-content\\\/uploads\\\/2025\\\/07\\\/33-GARAZ-DWU-STANOWISKOWY-PANORAMA.png\",\"width\":1024,\"height\":1024},{\"@type\":\"BreadcrumbList\",\"@id\":\"https:\\\/\\\/altanystanior.pl\\\/?product=drewniany-garaz-dwustanowiskowy-omoda#breadcrumb\",\"itemListElement\":[{\"@type\":\"ListItem\",\"position\":1,\"name\":\"Strona g\u0142\u00f3wna\",\"item\":\"https:\\\/\\\/altanystanior.pl\\\/\"},{\"@type\":\"ListItem\",\"position\":2,\"name\":\"Sklep\",\"item\":\"https:\\\/\\\/altanystanior.pl\\\/?page_id=430\"},{\"@type\":\"ListItem\",\"position\":3,\"name\":\"Drewniany Gara\u017c Dwustanowiskowy Omoda\"}]},{\"@type\":\"WebSite\",\"@id\":\"https:\\\/\\\/altanystanior.pl\\\/#website\",\"url\":\"https:\\\/\\\/altanystanior.pl\\\/\",\"name\":\"Wooden House Stanior\",\"description\":\"\",\"potentialAction\":[{\"@type\":\"SearchAction\",\"target\":{\"@type\":\"EntryPoint\",\"urlTemplate\":\"https:\\\/\\\/altanystanior.pl\\\/?s={search_term_string}\"},\"query-input\":{\"@type\":\"PropertyValueSpecification\",\"valueRequired\":true,\"valueName\":\"search_term_string\"}}],\"inLanguage\":\"pl-PL\"}]}<\/script>\n<!-- \/ Yoast SEO plugin. -->","yoast_head_json":{"title":"Drewniany Gara\u017c Dwustanowiskowy Omoda - Wooden House Stanior","robots":{"index":"index","follow":"follow","max-snippet":"max-snippet:-1","max-image-preview":"max-image-preview:large","max-video-preview":"max-video-preview:-1"},"canonical":"https:\/\/altanystanior.pl\/?product=drewniany-garaz-dwustanowiskowy-omoda","og_locale":"pl_PL","og_type":"article","og_title":"Drewniany Gara\u017c Dwustanowiskowy Omoda - Wooden House Stanior","og_url":"https:\/\/altanystanior.pl\/?product=drewniany-garaz-dwustanowiskowy-omoda","og_site_name":"Wooden House Stanior","article_modified_time":"2025-07-12T12:39:42+00:00","og_image":[{"width":1024,"height":1024,"url":"https:\/\/altanystanior.pl\/wp-content\/uploads\/2025\/07\/33-GARAZ-DWU-STANOWISKOWY-PANORAMA.png","type":"image\/png"}],"twitter_card":"summary_large_image","twitter_misc":{"Szacowany czas czytania":"2 minuty"},"schema":{"@context":"https:\/\/schema.org","@graph":[{"@type":"WebPage","@id":"https:\/\/altanystanior.pl\/?product=drewniany-garaz-dwustanowiskowy-omoda","url":"https:\/\/altanystanior.pl\/?product=drewniany-garaz-dwustanowiskowy-omoda","name":"Drewniany Gara\u017c Dwustanowiskowy Omoda - Wooden House Stanior","isPartOf":{"@id":"https:\/\/altanystanior.pl\/#website"},"primaryImageOfPage":{"@id":"https:\/\/altanystanior.pl\/?product=drewniany-garaz-dwustanowiskowy-omoda#primaryimage"},"image":{"@id":"https:\/\/altanystanior.pl\/?product=drewniany-garaz-dwustanowiskowy-omoda#primaryimage"},"thumbnailUrl":"https:\/\/altanystanior.pl\/wp-content\/uploads\/2025\/07\/33-GARAZ-DWU-STANOWISKOWY-PANORAMA.png","datePublished":"2025-07-12T11:44:46+00:00","dateModified":"2025-07-12T12:39:42+00:00","breadcrumb":{"@id":"https:\/\/altanystanior.pl\/?product=drewniany-garaz-dwustanowiskowy-omoda#breadcrumb"},"inLanguage":"pl-PL","potentialAction":[{"@type":"ReadAction","target":["https:\/\/altanystanior.pl\/?product=drewniany-garaz-dwustanowiskowy-omoda"]}]},{"@type":"ImageObject","inLanguage":"pl-PL","@id":"https:\/\/altanystanior.pl\/?product=drewniany-garaz-dwustanowiskowy-omoda#primaryimage","url":"https:\/\/altanystanior.pl\/wp-content\/uploads\/2025\/07\/33-GARAZ-DWU-STANOWISKOWY-PANORAMA.png","contentUrl":"https:\/\/altanystanior.pl\/wp-content\/uploads\/2025\/07\/33-GARAZ-DWU-STANOWISKOWY-PANORAMA.png","width":1024,"height":1024},{"@type":"BreadcrumbList","@id":"https:\/\/altanystanior.pl\/?product=drewniany-garaz-dwustanowiskowy-omoda#breadcrumb","itemListElement":[{"@type":"ListItem","position":1,"name":"Strona g\u0142\u00f3wna","item":"https:\/\/altanystanior.pl\/"},{"@type":"ListItem","position":2,"name":"Sklep","item":"https:\/\/altanystanior.pl\/?page_id=430"},{"@type":"ListItem","position":3,"name":"Drewniany Gara\u017c Dwustanowiskowy Omoda"}]},{"@type":"WebSite","@id":"https:\/\/altanystanior.pl\/#website","url":"https:\/\/altanystanior.pl\/","name":"Wooden House Stanior","description":"","potentialAction":[{"@type":"SearchAction","target":{"@type":"EntryPoint","urlTemplate":"https:\/\/altanystanior.pl\/?s={search_term_string}"},"query-input":{"@type":"PropertyValueSpecification","valueRequired":true,"valueName":"search_term_string"}}],"inLanguage":"pl-PL"}]}},"jetpack_sharing_enabled":true,"_links":{"self":[{"href":"https:\/\/altanystanior.pl\/index.php?rest_route=\/wp\/v2\/product\/1531","targetHints":{"allow":["GET"]}}],"collection":[{"href":"https:\/\/altanystanior.pl\/index.php?rest_route=\/wp\/v2\/product"}],"about":[{"href":"https:\/\/altanystanior.pl\/index.php?rest_route=\/wp\/v2\/types\/product"}],"wp:featuredmedia":[{"embeddable":true,"href":"https:\/\/altanystanior.pl\/index.php?rest_route=\/wp\/v2\/media\/1533"}],"wp:attachment":[{"href":"https:\/\/altanystanior.pl\/index.php?rest_route=%2Fwp%2Fv2%2Fmedia&parent=1531"}],"wp:term":[{"taxonomy":"product_brand","embeddable":true,"href":"https:\/\/altanystanior.pl\/index.php?rest_route=%2Fwp%2Fv2%2Fproduct_brand&post=1531"},{"taxonomy":"product_cat","embeddable":true,"href":"https:\/\/altanystanior.pl\/index.php?rest_route=%2Fwp%2Fv2%2Fproduct_cat&post=1531"},{"taxonomy":"product_tag","embeddable":true,"href":"https:\/\/altanystanior.pl\/index.php?rest_route=%2Fwp%2Fv2%2Fproduct_tag&post=1531"}],"curies":[{"name":"wp","href":"https:\/\/api.w.org\/{rel}","templated":true}]}}