{"id":1068,"date":"2025-07-10T19:56:31","date_gmt":"2025-07-10T17:56:31","guid":{"rendered":"https:\/\/beta.luksta28.hosting24.pl\/?post_type=product&#038;p=1068"},"modified":"2025-07-12T14:25:45","modified_gmt":"2025-07-12T12:25:45","slug":"altana-oaza-bryla-kostka","status":"publish","type":"product","link":"https:\/\/altanystanior.pl\/?product=altana-oaza-bryla-kostka","title":{"rendered":"ALTANA OAZA BRY\u0141A KOSTKA"},"content":{"rendered":"<p>[et_pb_section fb_built=&#8221;1&#8243; _builder_version=&#8221;4.16&#8243; custom_padding=&#8221;0px||||false|false&#8221; global_colors_info=&#8221;{}&#8221; theme_builder_area=&#8221;post_content&#8221;][et_pb_row _builder_version=&#8221;4.16&#8243; background_size=&#8221;initial&#8221; background_position=&#8221;top_left&#8221; background_repeat=&#8221;repeat&#8221; width=&#8221;100%&#8221; custom_padding=&#8221;0px||0px||false|false&#8221; global_colors_info=&#8221;{}&#8221;][et_pb_column type=&#8221;4_4&#8243; _builder_version=&#8221;4.16&#8243; custom_padding=&#8221;|||&#8221; global_colors_info=&#8221;{}&#8221; custom_padding__hover=&#8221;|||&#8221;][et_pb_wc_breadcrumb _builder_version=&#8221;4.16&#8243; global_colors_info=&#8221;{}&#8221;][\/et_pb_wc_breadcrumb][et_pb_wc_cart_notice _builder_version=&#8221;4.16&#8243; global_colors_info=&#8221;{}&#8221;][\/et_pb_wc_cart_notice][\/et_pb_column][\/et_pb_row][et_pb_row column_structure=&#8221;1_2,1_2&#8243; _builder_version=&#8221;4.16&#8243; background_size=&#8221;initial&#8221; background_position=&#8221;top_left&#8221; background_repeat=&#8221;repeat&#8221; width=&#8221;100%&#8221; custom_padding=&#8221;0px||||false|false&#8221; global_colors_info=&#8221;{}&#8221;][et_pb_column type=&#8221;1_2&#8243; _builder_version=&#8221;4.16&#8243; custom_padding=&#8221;|||&#8221; global_colors_info=&#8221;{}&#8221; custom_padding__hover=&#8221;|||&#8221;][et_pb_wc_images _builder_version=&#8221;4.16&#8243; global_colors_info=&#8221;{}&#8221;][\/et_pb_wc_images][\/et_pb_column][et_pb_column type=&#8221;1_2&#8243; _builder_version=&#8221;4.16&#8243; custom_padding=&#8221;|||&#8221; global_colors_info=&#8221;{}&#8221; custom_padding__hover=&#8221;|||&#8221;][et_pb_wc_title _builder_version=&#8221;4.16&#8243; global_colors_info=&#8221;{}&#8221;][\/et_pb_wc_title][et_pb_wc_add_to_cart _builder_version=&#8221;4.16&#8243; global_colors_info=&#8221;{}&#8221;][\/et_pb_wc_add_to_cart][et_pb_wc_meta admin_label=&#8221;Meta produktu Woo&#8221; _builder_version=&#8221;4.16&#8243; global_colors_info=&#8221;{}&#8221;][\/et_pb_wc_meta][\/et_pb_column][\/et_pb_row][et_pb_row _builder_version=&#8221;4.16&#8243; background_size=&#8221;initial&#8221; background_position=&#8221;top_left&#8221; background_repeat=&#8221;repeat&#8221; width=&#8221;100%&#8221; global_colors_info=&#8221;{}&#8221;][et_pb_column type=&#8221;4_4&#8243; _builder_version=&#8221;4.16&#8243; custom_padding=&#8221;|||&#8221; global_colors_info=&#8221;{}&#8221; custom_padding__hover=&#8221;|||&#8221;][et_pb_wc_tabs _builder_version=&#8221;4.27.4&#8243; _module_preset=&#8221;default&#8221; global_colors_info=&#8221;{}&#8221;][\/et_pb_wc_tabs][et_pb_wc_description admin_label=&#8221;Opis produktu Woo&#8221; _builder_version=&#8221;4.16&#8243; global_colors_info=&#8221;{}&#8221;][\/et_pb_wc_description][et_pb_wc_upsells admin_label=&#8221;Promocja produkt\u00f3w Woo&#8221; _builder_version=&#8221;4.16&#8243; global_colors_info=&#8221;{}&#8221;][\/et_pb_wc_upsells][et_pb_wc_related_products _builder_version=&#8221;4.16&#8243; global_colors_info=&#8221;{}&#8221;][\/et_pb_wc_related_products][\/et_pb_column][\/et_pb_row][\/et_pb_section]<\/p>\n","protected":false},"excerpt":{"rendered":"<h1><span style=\"color: #000000;\"><span style=\"font-family: Times New Roman, serif;\"><span style=\"font-size: x-large;\"><b>Altana Ogrodowa Oaza &#8222;Bry\u0142a Kostka&#8221;: Nowoczesna Prostota z Poziomymi Lamelami<\/b><\/span><\/span><\/span><\/h1>\n<p><span style=\"font-family: Times New Roman, serif;\"><b>Altana Ogrodowa Oaza &#8222;Bry\u0142a Kostka&#8221;<\/b><\/span><span style=\"font-family: Times New Roman, serif;\"> to po\u0142\u0105czenie <\/span><span style=\"font-family: Times New Roman, serif;\"><b>nowoczesnego minimalizmu<\/b><\/span><span style=\"font-family: Times New Roman, serif;\"> z funkcjonalno\u015bci\u0105, idealne dla tych, kt\u00f3rzy szukaj\u0105 stylowego i praktycznego rozwi\u0105zania do swojego ogrodu. Jej <\/span><span style=\"font-family: Times New Roman, serif;\"><b>geometryczna forma prostopad\u0142o\u015bcianu<\/b><\/span><span style=\"font-family: Times New Roman, serif;\"> nadaje przestrzeni czysty i uporz\u0105dkowany charakter, doskonale wpisuj\u0105c si\u0119 w wsp\u00f3\u0142czesne aran\u017cacje.<\/span><\/p>\n<p><span style=\"font-family: Times New Roman, serif;\">Charakterystycznym elementem Oazy &#8222;Bry\u0142a Kostka&#8221; s\u0105 <\/span><span style=\"font-family: Times New Roman, serif;\"><b>poziome lamele<\/b><\/span><span style=\"font-family: Times New Roman, serif;\">, kt\u00f3re nie tylko dodaj\u0105 altanie lekko\u015bci i nowoczesno\u015bci, ale tak\u017ce zapewniaj\u0105 <\/span><span style=\"font-family: Times New Roman, serif;\"><b>delikatn\u0105 prywatno\u015b\u0107<\/b><\/span><span style=\"font-family: Times New Roman, serif;\"> i przyjemne rozproszenie \u015bwiat\u0142a. Tworz\u0105 one dynamiczny efekt wizualny, jednocze\u015bnie pozwalaj\u0105c na swobodny przep\u0142yw powietrza. To idealne miejsce na <\/span><span style=\"font-family: Times New Roman, serif;\"><b>spokojny relaks<\/b><\/span><span style=\"font-family: Times New Roman, serif;\"> i stworzenie modnej przestrzeni do wypoczynku w ogrodzie.<\/span><\/p>\n","protected":false},"featured_media":1069,"template":"","meta":{"_et_pb_use_builder":"on","_et_pb_old_content":"<h1><span style=\"color: #000000\"><span style=\"font-family: Times New Roman, serif\"><span style=\"font-size: x-large\"><b>Altana Ogrodowa Oaza \"Bry\u0142a Kostka\": Nowoczesna Prostota z Poziomymi Lamelami<\/b><\/span><\/span><\/span><\/h1>\r\n<span style=\"font-family: Times New Roman, serif\"><b>Altana Ogrodowa Oaza \"Bry\u0142a Kostka\"<\/b><\/span><span style=\"font-family: Times New Roman, serif\"> to po\u0142\u0105czenie <\/span><span style=\"font-family: Times New Roman, serif\"><b>nowoczesnego minimalizmu<\/b><\/span><span style=\"font-family: Times New Roman, serif\"> z funkcjonalno\u015bci\u0105, idealne dla tych, kt\u00f3rzy szukaj\u0105 stylowego i praktycznego rozwi\u0105zania do swojego ogrodu. Jej <\/span><span style=\"font-family: Times New Roman, serif\"><b>geometryczna forma prostopad\u0142o\u015bcianu<\/b><\/span><span style=\"font-family: Times New Roman, serif\"> nadaje przestrzeni czysty i uporz\u0105dkowany charakter, doskonale wpisuj\u0105c si\u0119 w wsp\u00f3\u0142czesne aran\u017cacje.<\/span>\r\n\r\n<span style=\"font-family: Times New Roman, serif\">Charakterystycznym elementem Oazy \"Bry\u0142a Kostka\" s\u0105 <\/span><span style=\"font-family: Times New Roman, serif\"><b>poziome lamele<\/b><\/span><span style=\"font-family: Times New Roman, serif\">, kt\u00f3re nie tylko dodaj\u0105 altanie lekko\u015bci i nowoczesno\u015bci, ale tak\u017ce zapewniaj\u0105 <\/span><span style=\"font-family: Times New Roman, serif\"><b>delikatn\u0105 prywatno\u015b\u0107<\/b><\/span><span style=\"font-family: Times New Roman, serif\"> i przyjemne rozproszenie \u015bwiat\u0142a. Tworz\u0105 one dynamiczny efekt wizualny, jednocze\u015bnie pozwalaj\u0105c na swobodny przep\u0142yw powietrza. To idealne miejsce na <\/span><span style=\"font-family: Times New Roman, serif\"><b>spokojny relaks<\/b><\/span><span style=\"font-family: Times New Roman, serif\"> i stworzenie modnej przestrzeni do wypoczynku w ogrodzie.<\/span>\r\n<h2><span style=\"color: #02282c\"><span style=\"font-family: Arial, sans-serif\"><span style=\"font-size: x-large\"><b>\r\nCENA: 10\u00a0499,99Z\u0141<\/b><\/span><\/span><\/span><\/h2>\r\n<span style=\"color: #02282c\"><span style=\"font-family: Arial, sans-serif\">Dlaczego altany Wooden House to \u015bwietny wyb\u00f3r?<\/span><\/span>\r\n\r\n\u2022 Kupujesz altan\u0119, kt\u00f3ra zapewni Ci komfort wypoczynku - jeste\u015bmy pasjonatami obr\u00f3bki w drewnie i znamy si\u0119 na tym\r\n\r\n\u2022 Ka\u017cdy produkt jest wykonany z materia\u0142\u00f3w najwy\u017cszej jako\u015bci (dobre drewno)\r\n\r\n\u2022 Zapewniamy doradztwo, indywidualn\u0105 pomoc w zakresie rozwi\u0105za\u0144 i kolorystyki\r\n\r\n\u2022 Produkty dostarczymy w ka\u017cde miejsce w Polsce (w\u0142asny transport)\r\n\r\n\u2022 Posiadamy w\u0142asn\u0105 ekip\u0119 monta\u017cow\u0105\r\n\r\n<span style=\"color: #02282c\"><span style=\"font-family: Arial, sans-serif\"><b>CO KUPUJESZ?\r\nAltana ogrodowa MIRA\u017b BRY\u0141A KOSTKA wymiar 400 x 500cm<\/b><\/span><\/span><span style=\"color: #02282c\"><span style=\"font-family: Arial, sans-serif\">\r\n\u2022 Wysoko\u015b\u0107 ca\u0142kowita ok 260 cm\r\n\u2022 Konstrukcja dachu z kant\u00f3wek 12x6 i 10x10 cm\r\n\u2022 Dach pokryty papa podk\u0142adowa czarna\r\n\u2022 Dach obity desk\u0105 boazeryjn\u0105 \"pi\u00f3ro-wpust\" 20 mm\r\n\u2022 S\u0142upy no\u015bne o przekroju 12x12 cm\r\n\u2022 Impregnowana dwukrotnie Drewnochronem Extra\u00ae\r\n\u2022 Altana wykonana z suszonego drewna sosnowego i \u015bwierkowego\r\n\u2022 Rozmiar po obrysie dachu: oko\u0142o 400cm x 500cm\r\n\u2022 Rozmiar po obrysie podstawy: 400cm x 500cm<\/span><\/span>\r\n\r\nCENA OBEJMUJE\r\n\u2022 Altan\u0119 w konfiguracji jak na zdj\u0119ciach ,\r\n\u2022 Dwukrotn\u0105 impregnacj\u0119 (kolor do wyboru z wzornika w galerii)\r\n\u2022 Dach pokryty papa czarna podk\u0142adowa\r\n\r\nUS\u0141UGI DODATKOWE*\r\n\r\n\u2022 niestandardowa zabudowa wej\u015b\u0107\r\n\r\n\u2022 Kotwienie do pod\u0142o\u017ca\r\n\r\n\u2022 monta\u017c na terenie ca\u0142ego kraju\r\n\r\n\u2022 transport na terenie ca\u0142ego kraju\r\n\r\n\u2022 pod\u0142oga na legarach, deska tarasowa ryflowana + bloczki betonowe\r\n\r\n\u2022 kotwienie s\u0142up\u00f3w\r\n\r\n\u2022 orynnowanie\r\n\r\n- s\u0142upy no\u015bne przekroju 12x12cm\r\n\r\n*us\u0142ugi opcjonalne, kt\u00f3re nale\u017cy dokupi\u0107 dodatkowo\r\n\r\nMo\u017cliwo\u015b\u0107 wykonania altany w wymiarach;\r\n3x3m, 3x4m, 3x5m, 3x6m\r\n4x4m, 4x5m, 4x6m, 4x7m, 4x8m\r\n5x5m, 5x6m, 5x7m, 5x8m","_et_gb_content_width":""},"product_brand":[],"product_cat":[26],"product_tag":[],"class_list":{"0":"post-1068","1":"product","2":"type-product","3":"status-publish","4":"has-post-thumbnail","6":"product_cat-altany-ogrodowe","8":"first","9":"instock","10":"shipping-taxable","11":"purchasable","12":"product-type-simple"},"yoast_head":"<!-- This site is optimized with the Yoast SEO plugin v27.3 - https:\/\/yoast.com\/product\/yoast-seo-wordpress\/ -->\n<title>ALTANA OAZA BRY\u0141A KOSTKA - Wooden House Stanior<\/title>\n<meta name=\"robots\" content=\"index, follow, max-snippet:-1, max-image-preview:large, max-video-preview:-1\" \/>\n<link rel=\"canonical\" href=\"https:\/\/altanystanior.pl\/?product=altana-oaza-bryla-kostka\" \/>\n<meta property=\"og:locale\" content=\"pl_PL\" \/>\n<meta property=\"og:type\" content=\"article\" \/>\n<meta property=\"og:title\" content=\"ALTANA OAZA BRY\u0141A KOSTKA - Wooden House Stanior\" \/>\n<meta property=\"og:description\" content=\"Altana Ogrodowa Oaza &quot;Bry\u0142a Kostka&quot;: Nowoczesna Prostota z Poziomymi Lamelami Altana Ogrodowa Oaza &quot;Bry\u0142a Kostka&quot; to po\u0142\u0105czenie nowoczesnego minimalizmu z funkcjonalno\u015bci\u0105, idealne dla tych, kt\u00f3rzy szukaj\u0105 stylowego i praktycznego rozwi\u0105zania do swojego ogrodu. Jej geometryczna forma prostopad\u0142o\u015bcianu nadaje przestrzeni czysty i uporz\u0105dkowany charakter, doskonale wpisuj\u0105c si\u0119 w wsp\u00f3\u0142czesne aran\u017cacje.  Charakterystycznym elementem Oazy &quot;Bry\u0142a Kostka&quot; s\u0105 poziome lamele, kt\u00f3re nie tylko dodaj\u0105 altanie lekko\u015bci i nowoczesno\u015bci, ale tak\u017ce zapewniaj\u0105 delikatn\u0105 prywatno\u015b\u0107 i przyjemne rozproszenie \u015bwiat\u0142a. Tworz\u0105 one dynamiczny efekt wizualny, jednocze\u015bnie pozwalaj\u0105c na swobodny przep\u0142yw powietrza. To idealne miejsce na spokojny relaks i stworzenie modnej przestrzeni do wypoczynku w ogrodzie.\" \/>\n<meta property=\"og:url\" content=\"https:\/\/altanystanior.pl\/?product=altana-oaza-bryla-kostka\" \/>\n<meta property=\"og:site_name\" content=\"Wooden House Stanior\" \/>\n<meta property=\"article:modified_time\" content=\"2025-07-12T12:25:45+00:00\" \/>\n<meta property=\"og:image\" content=\"https:\/\/altanystanior.pl\/wp-content\/uploads\/2025\/07\/ALTANA-OAZA-BRYLA-KOSTKA.webp\" \/>\n\t<meta property=\"og:image:width\" content=\"1000\" \/>\n\t<meta property=\"og:image:height\" content=\"676\" \/>\n\t<meta property=\"og:image:type\" content=\"image\/webp\" \/>\n<meta name=\"twitter:card\" content=\"summary_large_image\" \/>\n<meta name=\"twitter:label1\" content=\"Szacowany czas czytania\" \/>\n\t<meta name=\"twitter:data1\" content=\"2 minuty\" \/>\n<script type=\"application\/ld+json\" class=\"yoast-schema-graph\">{\"@context\":\"https:\\\/\\\/schema.org\",\"@graph\":[{\"@type\":\"WebPage\",\"@id\":\"https:\\\/\\\/altanystanior.pl\\\/?product=altana-oaza-bryla-kostka\",\"url\":\"https:\\\/\\\/altanystanior.pl\\\/?product=altana-oaza-bryla-kostka\",\"name\":\"ALTANA OAZA BRY\u0141A KOSTKA - Wooden House Stanior\",\"isPartOf\":{\"@id\":\"https:\\\/\\\/altanystanior.pl\\\/#website\"},\"primaryImageOfPage\":{\"@id\":\"https:\\\/\\\/altanystanior.pl\\\/?product=altana-oaza-bryla-kostka#primaryimage\"},\"image\":{\"@id\":\"https:\\\/\\\/altanystanior.pl\\\/?product=altana-oaza-bryla-kostka#primaryimage\"},\"thumbnailUrl\":\"https:\\\/\\\/altanystanior.pl\\\/wp-content\\\/uploads\\\/2025\\\/07\\\/ALTANA-OAZA-BRYLA-KOSTKA.webp\",\"datePublished\":\"2025-07-10T17:56:31+00:00\",\"dateModified\":\"2025-07-12T12:25:45+00:00\",\"breadcrumb\":{\"@id\":\"https:\\\/\\\/altanystanior.pl\\\/?product=altana-oaza-bryla-kostka#breadcrumb\"},\"inLanguage\":\"pl-PL\",\"potentialAction\":[{\"@type\":\"ReadAction\",\"target\":[\"https:\\\/\\\/altanystanior.pl\\\/?product=altana-oaza-bryla-kostka\"]}]},{\"@type\":\"ImageObject\",\"inLanguage\":\"pl-PL\",\"@id\":\"https:\\\/\\\/altanystanior.pl\\\/?product=altana-oaza-bryla-kostka#primaryimage\",\"url\":\"https:\\\/\\\/altanystanior.pl\\\/wp-content\\\/uploads\\\/2025\\\/07\\\/ALTANA-OAZA-BRYLA-KOSTKA.webp\",\"contentUrl\":\"https:\\\/\\\/altanystanior.pl\\\/wp-content\\\/uploads\\\/2025\\\/07\\\/ALTANA-OAZA-BRYLA-KOSTKA.webp\",\"width\":1000,\"height\":676},{\"@type\":\"BreadcrumbList\",\"@id\":\"https:\\\/\\\/altanystanior.pl\\\/?product=altana-oaza-bryla-kostka#breadcrumb\",\"itemListElement\":[{\"@type\":\"ListItem\",\"position\":1,\"name\":\"Strona g\u0142\u00f3wna\",\"item\":\"https:\\\/\\\/altanystanior.pl\\\/\"},{\"@type\":\"ListItem\",\"position\":2,\"name\":\"Sklep\",\"item\":\"https:\\\/\\\/altanystanior.pl\\\/?page_id=430\"},{\"@type\":\"ListItem\",\"position\":3,\"name\":\"ALTANA OAZA BRY\u0141A KOSTKA\"}]},{\"@type\":\"WebSite\",\"@id\":\"https:\\\/\\\/altanystanior.pl\\\/#website\",\"url\":\"https:\\\/\\\/altanystanior.pl\\\/\",\"name\":\"Wooden House Stanior\",\"description\":\"\",\"potentialAction\":[{\"@type\":\"SearchAction\",\"target\":{\"@type\":\"EntryPoint\",\"urlTemplate\":\"https:\\\/\\\/altanystanior.pl\\\/?s={search_term_string}\"},\"query-input\":{\"@type\":\"PropertyValueSpecification\",\"valueRequired\":true,\"valueName\":\"search_term_string\"}}],\"inLanguage\":\"pl-PL\"}]}<\/script>\n<!-- \/ Yoast SEO plugin. -->","yoast_head_json":{"title":"ALTANA OAZA BRY\u0141A KOSTKA - Wooden House Stanior","robots":{"index":"index","follow":"follow","max-snippet":"max-snippet:-1","max-image-preview":"max-image-preview:large","max-video-preview":"max-video-preview:-1"},"canonical":"https:\/\/altanystanior.pl\/?product=altana-oaza-bryla-kostka","og_locale":"pl_PL","og_type":"article","og_title":"ALTANA OAZA BRY\u0141A KOSTKA - Wooden House Stanior","og_description":"Altana Ogrodowa Oaza \"Bry\u0142a Kostka\": Nowoczesna Prostota z Poziomymi Lamelami Altana Ogrodowa Oaza \"Bry\u0142a Kostka\" to po\u0142\u0105czenie nowoczesnego minimalizmu z funkcjonalno\u015bci\u0105, idealne dla tych, kt\u00f3rzy szukaj\u0105 stylowego i praktycznego rozwi\u0105zania do swojego ogrodu. Jej geometryczna forma prostopad\u0142o\u015bcianu nadaje przestrzeni czysty i uporz\u0105dkowany charakter, doskonale wpisuj\u0105c si\u0119 w wsp\u00f3\u0142czesne aran\u017cacje.  Charakterystycznym elementem Oazy \"Bry\u0142a Kostka\" s\u0105 poziome lamele, kt\u00f3re nie tylko dodaj\u0105 altanie lekko\u015bci i nowoczesno\u015bci, ale tak\u017ce zapewniaj\u0105 delikatn\u0105 prywatno\u015b\u0107 i przyjemne rozproszenie \u015bwiat\u0142a. Tworz\u0105 one dynamiczny efekt wizualny, jednocze\u015bnie pozwalaj\u0105c na swobodny przep\u0142yw powietrza. To idealne miejsce na spokojny relaks i stworzenie modnej przestrzeni do wypoczynku w ogrodzie.","og_url":"https:\/\/altanystanior.pl\/?product=altana-oaza-bryla-kostka","og_site_name":"Wooden House Stanior","article_modified_time":"2025-07-12T12:25:45+00:00","og_image":[{"width":1000,"height":676,"url":"https:\/\/altanystanior.pl\/wp-content\/uploads\/2025\/07\/ALTANA-OAZA-BRYLA-KOSTKA.webp","type":"image\/webp"}],"twitter_card":"summary_large_image","twitter_misc":{"Szacowany czas czytania":"2 minuty"},"schema":{"@context":"https:\/\/schema.org","@graph":[{"@type":"WebPage","@id":"https:\/\/altanystanior.pl\/?product=altana-oaza-bryla-kostka","url":"https:\/\/altanystanior.pl\/?product=altana-oaza-bryla-kostka","name":"ALTANA OAZA BRY\u0141A KOSTKA - Wooden House Stanior","isPartOf":{"@id":"https:\/\/altanystanior.pl\/#website"},"primaryImageOfPage":{"@id":"https:\/\/altanystanior.pl\/?product=altana-oaza-bryla-kostka#primaryimage"},"image":{"@id":"https:\/\/altanystanior.pl\/?product=altana-oaza-bryla-kostka#primaryimage"},"thumbnailUrl":"https:\/\/altanystanior.pl\/wp-content\/uploads\/2025\/07\/ALTANA-OAZA-BRYLA-KOSTKA.webp","datePublished":"2025-07-10T17:56:31+00:00","dateModified":"2025-07-12T12:25:45+00:00","breadcrumb":{"@id":"https:\/\/altanystanior.pl\/?product=altana-oaza-bryla-kostka#breadcrumb"},"inLanguage":"pl-PL","potentialAction":[{"@type":"ReadAction","target":["https:\/\/altanystanior.pl\/?product=altana-oaza-bryla-kostka"]}]},{"@type":"ImageObject","inLanguage":"pl-PL","@id":"https:\/\/altanystanior.pl\/?product=altana-oaza-bryla-kostka#primaryimage","url":"https:\/\/altanystanior.pl\/wp-content\/uploads\/2025\/07\/ALTANA-OAZA-BRYLA-KOSTKA.webp","contentUrl":"https:\/\/altanystanior.pl\/wp-content\/uploads\/2025\/07\/ALTANA-OAZA-BRYLA-KOSTKA.webp","width":1000,"height":676},{"@type":"BreadcrumbList","@id":"https:\/\/altanystanior.pl\/?product=altana-oaza-bryla-kostka#breadcrumb","itemListElement":[{"@type":"ListItem","position":1,"name":"Strona g\u0142\u00f3wna","item":"https:\/\/altanystanior.pl\/"},{"@type":"ListItem","position":2,"name":"Sklep","item":"https:\/\/altanystanior.pl\/?page_id=430"},{"@type":"ListItem","position":3,"name":"ALTANA OAZA BRY\u0141A KOSTKA"}]},{"@type":"WebSite","@id":"https:\/\/altanystanior.pl\/#website","url":"https:\/\/altanystanior.pl\/","name":"Wooden House Stanior","description":"","potentialAction":[{"@type":"SearchAction","target":{"@type":"EntryPoint","urlTemplate":"https:\/\/altanystanior.pl\/?s={search_term_string}"},"query-input":{"@type":"PropertyValueSpecification","valueRequired":true,"valueName":"search_term_string"}}],"inLanguage":"pl-PL"}]}},"jetpack_sharing_enabled":true,"_links":{"self":[{"href":"https:\/\/altanystanior.pl\/index.php?rest_route=\/wp\/v2\/product\/1068","targetHints":{"allow":["GET"]}}],"collection":[{"href":"https:\/\/altanystanior.pl\/index.php?rest_route=\/wp\/v2\/product"}],"about":[{"href":"https:\/\/altanystanior.pl\/index.php?rest_route=\/wp\/v2\/types\/product"}],"wp:featuredmedia":[{"embeddable":true,"href":"https:\/\/altanystanior.pl\/index.php?rest_route=\/wp\/v2\/media\/1069"}],"wp:attachment":[{"href":"https:\/\/altanystanior.pl\/index.php?rest_route=%2Fwp%2Fv2%2Fmedia&parent=1068"}],"wp:term":[{"taxonomy":"product_brand","embeddable":true,"href":"https:\/\/altanystanior.pl\/index.php?rest_route=%2Fwp%2Fv2%2Fproduct_brand&post=1068"},{"taxonomy":"product_cat","embeddable":true,"href":"https:\/\/altanystanior.pl\/index.php?rest_route=%2Fwp%2Fv2%2Fproduct_cat&post=1068"},{"taxonomy":"product_tag","embeddable":true,"href":"https:\/\/altanystanior.pl\/index.php?rest_route=%2Fwp%2Fv2%2Fproduct_tag&post=1068"}],"curies":[{"name":"wp","href":"https:\/\/api.w.org\/{rel}","templated":true}]}}