{"id":2131,"date":"2026-03-09T18:31:36","date_gmt":"2026-03-09T17:31:36","guid":{"rendered":"https:\/\/altanystanior.pl\/?page_id=2131"},"modified":"2026-03-09T20:03:02","modified_gmt":"2026-03-09T19:03:02","slug":"dokumenty","status":"publish","type":"page","link":"https:\/\/altanystanior.pl\/?page_id=2131","title":{"rendered":"Dokumenty"},"content":{"rendered":"<p>[et_pb_section fb_built=&#8221;1&#8243; _builder_version=&#8221;4.27.4&#8243; _module_preset=&#8221;default&#8221; global_colors_info=&#8221;{}&#8221;][et_pb_row _builder_version=&#8221;4.27.4&#8243; _module_preset=&#8221;default&#8221; global_colors_info=&#8221;{}&#8221;][et_pb_column type=&#8221;4_4&#8243; _builder_version=&#8221;4.27.4&#8243; _module_preset=&#8221;default&#8221; global_colors_info=&#8221;{}&#8221;][et_pb_heading title=&#8221;Dokumenty&#8221; _builder_version=&#8221;4.27.4&#8243; _module_preset=&#8221;default&#8221; global_colors_info=&#8221;{}&#8221;][\/et_pb_heading][\/et_pb_column][\/et_pb_row][et_pb_row column_structure=&#8221;1_3,1_3,1_3&#8243; _builder_version=&#8221;4.27.4&#8243; _module_preset=&#8221;default&#8221; global_colors_info=&#8221;{}&#8221;][et_pb_column type=&#8221;1_3&#8243; _builder_version=&#8221;4.27.4&#8243; _module_preset=&#8221;default&#8221; global_colors_info=&#8221;{}&#8221;][et_pb_button button_text=&#8221;Formularz Reklamacyjny&#8221; _builder_version=&#8221;4.27.4&#8243; _module_preset=&#8221;default&#8221; button_url=&#8221;https:\/\/drive.google.com\/file\/d\/1cazEhputV2HPx6tNAHOWONsml3y9LSpg\/view?usp=drive_link&#8221; url_new_window=&#8221;on&#8221; hover_enabled=&#8221;0&#8243; sticky_enabled=&#8221;0&#8243;][\/et_pb_button][\/et_pb_column][et_pb_column type=&#8221;1_3&#8243; _builder_version=&#8221;4.27.4&#8243; _module_preset=&#8221;default&#8221; global_colors_info=&#8221;{}&#8221;][et_pb_button button_text=&#8221;Formularz Zam\u00f3wienia&#8221; _builder_version=&#8221;4.27.4&#8243; _module_preset=&#8221;default&#8221; button_url=&#8221;https:\/\/drive.google.com\/file\/d\/1nzgf6wOrzqzsQqE4OgJmIsIaLmTaGbWQ\/view?usp=drive_link&#8221; url_new_window=&#8221;on&#8221; hover_enabled=&#8221;0&#8243; sticky_enabled=&#8221;0&#8243;][\/et_pb_button][\/et_pb_column][et_pb_column type=&#8221;1_3&#8243; _builder_version=&#8221;4.27.4&#8243; _module_preset=&#8221;default&#8221; global_colors_info=&#8221;{}&#8221;][et_pb_button button_text=&#8221;Instrukcja U\u017cytkowania i Konserwacji&#8221; _builder_version=&#8221;4.27.4&#8243; _module_preset=&#8221;default&#8221; url_new_window=&#8221;on&#8221; button_url=&#8221;https:\/\/drive.google.com\/file\/d\/1TsSGfYWliKnTjuwAPxx9VkYOIC3cJezG\/view?usp=drive_link&#8221; hover_enabled=&#8221;0&#8243; sticky_enabled=&#8221;0&#8243;][\/et_pb_button][\/et_pb_column][\/et_pb_row][et_pb_row column_structure=&#8221;1_3,1_3,1_3&#8243; _builder_version=&#8221;4.27.4&#8243; _module_preset=&#8221;default&#8221; global_colors_info=&#8221;{}&#8221;][et_pb_column type=&#8221;1_3&#8243; _builder_version=&#8221;4.27.4&#8243; _module_preset=&#8221;default&#8221; global_colors_info=&#8221;{}&#8221;][et_pb_button button_text=&#8221;Lista Informacyjna Przed Podpisaniem Umowy&#8221; _builder_version=&#8221;4.27.4&#8243; _module_preset=&#8221;default&#8221; button_url=&#8221;https:\/\/drive.google.com\/file\/d\/1d4F8JFOeutWEEHpdX4jZW4MwPOSHCwZB\/view?usp=drive_link&#8221; url_new_window=&#8221;on&#8221; hover_enabled=&#8221;0&#8243; sticky_enabled=&#8221;0&#8243;][\/et_pb_button][\/et_pb_column][et_pb_column type=&#8221;1_3&#8243; _builder_version=&#8221;4.27.4&#8243; _module_preset=&#8221;default&#8221; global_colors_info=&#8221;{}&#8221;][et_pb_button button_text=&#8221;Protok\u00f3\u0142 Przygotowania Dzia\u0142ki Pod Monta\u017c&#8221; _builder_version=&#8221;4.27.4&#8243; _module_preset=&#8221;default&#8221; button_url=&#8221;https:\/\/drive.google.com\/file\/d\/1heGGAH2XNAJ97mmXj14ifkmeLXZfnFTG\/view?usp=drive_link&#8221; url_new_window=&#8221;on&#8221; hover_enabled=&#8221;0&#8243; sticky_enabled=&#8221;0&#8243;][\/et_pb_button][\/et_pb_column][et_pb_column type=&#8221;1_3&#8243; _builder_version=&#8221;4.27.4&#8243; _module_preset=&#8221;default&#8221; global_colors_info=&#8221;{}&#8221;][et_pb_button button_text=&#8221;Warunki Gwarancji Wooden House Stanior&#8221; _builder_version=&#8221;4.27.4&#8243; _module_preset=&#8221;default&#8221; url_new_window=&#8221;on&#8221; button_url=&#8221;https:\/\/drive.google.com\/file\/d\/1hkbCIEttyLpMjf3gIGQlclnyuk0MQcq_\/view?usp=drive_link&#8221; hover_enabled=&#8221;0&#8243; sticky_enabled=&#8221;0&#8243;][\/et_pb_button][\/et_pb_column][\/et_pb_row][\/et_pb_section]<\/p>\n","protected":false},"excerpt":{"rendered":"","protected":false},"author":2,"featured_media":0,"parent":0,"menu_order":0,"comment_status":"closed","ping_status":"closed","template":"","meta":{"_et_pb_use_builder":"on","_et_pb_old_content":"","_et_gb_content_width":"","footnotes":""},"class_list":["post-2131","page","type-page","status-publish","hentry"],"yoast_head":"<!-- This site is optimized with the Yoast SEO plugin v27.3 - https:\/\/yoast.com\/product\/yoast-seo-wordpress\/ -->\n<title>Dokumenty - Wooden House Stanior<\/title>\n<meta name=\"robots\" content=\"index, follow, max-snippet:-1, max-image-preview:large, max-video-preview:-1\" \/>\n<link rel=\"canonical\" href=\"https:\/\/altanystanior.pl\/?page_id=2131\" \/>\n<meta property=\"og:locale\" content=\"pl_PL\" \/>\n<meta property=\"og:type\" content=\"article\" \/>\n<meta property=\"og:title\" content=\"Dokumenty - Wooden House Stanior\" \/>\n<meta property=\"og:url\" content=\"https:\/\/altanystanior.pl\/?page_id=2131\" \/>\n<meta property=\"og:site_name\" content=\"Wooden House Stanior\" \/>\n<meta property=\"article:modified_time\" content=\"2026-03-09T19:03:02+00:00\" \/>\n<meta name=\"twitter:card\" content=\"summary_large_image\" \/>\n<script type=\"application\/ld+json\" class=\"yoast-schema-graph\">{\"@context\":\"https:\\\/\\\/schema.org\",\"@graph\":[{\"@type\":\"WebPage\",\"@id\":\"https:\\\/\\\/altanystanior.pl\\\/?page_id=2131\",\"url\":\"https:\\\/\\\/altanystanior.pl\\\/?page_id=2131\",\"name\":\"Dokumenty - Wooden House Stanior\",\"isPartOf\":{\"@id\":\"https:\\\/\\\/altanystanior.pl\\\/#website\"},\"datePublished\":\"2026-03-09T17:31:36+00:00\",\"dateModified\":\"2026-03-09T19:03:02+00:00\",\"breadcrumb\":{\"@id\":\"https:\\\/\\\/altanystanior.pl\\\/?page_id=2131#breadcrumb\"},\"inLanguage\":\"pl-PL\",\"potentialAction\":[{\"@type\":\"ReadAction\",\"target\":[\"https:\\\/\\\/altanystanior.pl\\\/?page_id=2131\"]}]},{\"@type\":\"BreadcrumbList\",\"@id\":\"https:\\\/\\\/altanystanior.pl\\\/?page_id=2131#breadcrumb\",\"itemListElement\":[{\"@type\":\"ListItem\",\"position\":1,\"name\":\"Strona g\u0142\u00f3wna\",\"item\":\"https:\\\/\\\/altanystanior.pl\\\/\"},{\"@type\":\"ListItem\",\"position\":2,\"name\":\"Dokumenty\"}]},{\"@type\":\"WebSite\",\"@id\":\"https:\\\/\\\/altanystanior.pl\\\/#website\",\"url\":\"https:\\\/\\\/altanystanior.pl\\\/\",\"name\":\"Wooden House Stanior\",\"description\":\"\",\"potentialAction\":[{\"@type\":\"SearchAction\",\"target\":{\"@type\":\"EntryPoint\",\"urlTemplate\":\"https:\\\/\\\/altanystanior.pl\\\/?s={search_term_string}\"},\"query-input\":{\"@type\":\"PropertyValueSpecification\",\"valueRequired\":true,\"valueName\":\"search_term_string\"}}],\"inLanguage\":\"pl-PL\"}]}<\/script>\n<!-- \/ Yoast SEO plugin. -->","yoast_head_json":{"title":"Dokumenty - Wooden House Stanior","robots":{"index":"index","follow":"follow","max-snippet":"max-snippet:-1","max-image-preview":"max-image-preview:large","max-video-preview":"max-video-preview:-1"},"canonical":"https:\/\/altanystanior.pl\/?page_id=2131","og_locale":"pl_PL","og_type":"article","og_title":"Dokumenty - Wooden House Stanior","og_url":"https:\/\/altanystanior.pl\/?page_id=2131","og_site_name":"Wooden House Stanior","article_modified_time":"2026-03-09T19:03:02+00:00","twitter_card":"summary_large_image","schema":{"@context":"https:\/\/schema.org","@graph":[{"@type":"WebPage","@id":"https:\/\/altanystanior.pl\/?page_id=2131","url":"https:\/\/altanystanior.pl\/?page_id=2131","name":"Dokumenty - Wooden House Stanior","isPartOf":{"@id":"https:\/\/altanystanior.pl\/#website"},"datePublished":"2026-03-09T17:31:36+00:00","dateModified":"2026-03-09T19:03:02+00:00","breadcrumb":{"@id":"https:\/\/altanystanior.pl\/?page_id=2131#breadcrumb"},"inLanguage":"pl-PL","potentialAction":[{"@type":"ReadAction","target":["https:\/\/altanystanior.pl\/?page_id=2131"]}]},{"@type":"BreadcrumbList","@id":"https:\/\/altanystanior.pl\/?page_id=2131#breadcrumb","itemListElement":[{"@type":"ListItem","position":1,"name":"Strona g\u0142\u00f3wna","item":"https:\/\/altanystanior.pl\/"},{"@type":"ListItem","position":2,"name":"Dokumenty"}]},{"@type":"WebSite","@id":"https:\/\/altanystanior.pl\/#website","url":"https:\/\/altanystanior.pl\/","name":"Wooden House Stanior","description":"","potentialAction":[{"@type":"SearchAction","target":{"@type":"EntryPoint","urlTemplate":"https:\/\/altanystanior.pl\/?s={search_term_string}"},"query-input":{"@type":"PropertyValueSpecification","valueRequired":true,"valueName":"search_term_string"}}],"inLanguage":"pl-PL"}]}},"jetpack_sharing_enabled":true,"_links":{"self":[{"href":"https:\/\/altanystanior.pl\/index.php?rest_route=\/wp\/v2\/pages\/2131","targetHints":{"allow":["GET"]}}],"collection":[{"href":"https:\/\/altanystanior.pl\/index.php?rest_route=\/wp\/v2\/pages"}],"about":[{"href":"https:\/\/altanystanior.pl\/index.php?rest_route=\/wp\/v2\/types\/page"}],"author":[{"embeddable":true,"href":"https:\/\/altanystanior.pl\/index.php?rest_route=\/wp\/v2\/users\/2"}],"replies":[{"embeddable":true,"href":"https:\/\/altanystanior.pl\/index.php?rest_route=%2Fwp%2Fv2%2Fcomments&post=2131"}],"version-history":[{"count":5,"href":"https:\/\/altanystanior.pl\/index.php?rest_route=\/wp\/v2\/pages\/2131\/revisions"}],"predecessor-version":[{"id":2139,"href":"https:\/\/altanystanior.pl\/index.php?rest_route=\/wp\/v2\/pages\/2131\/revisions\/2139"}],"wp:attachment":[{"href":"https:\/\/altanystanior.pl\/index.php?rest_route=%2Fwp%2Fv2%2Fmedia&parent=2131"}],"curies":[{"name":"wp","href":"https:\/\/api.w.org\/{rel}","templated":true}]}}